{"id":2269,"date":"2023-03-16T16:53:01","date_gmt":"2023-03-16T16:53:01","guid":{"rendered":"https:\/\/studioartspot.com\/dev\/vlasinatravel\/about\/"},"modified":"2023-05-25T14:07:39","modified_gmt":"2023-05-25T14:07:39","slug":"about","status":"publish","type":"page","link":"https:\/\/www.vlasinatravel.com\/sr\/about\/","title":{"rendered":"About"},"content":{"rendered":"<p><div class=\"fusion-fullwidth fullwidth-box fusion-builder-row-1 fusion-flex-container has-pattern-background has-mask-background fusion-parallax-none hundred-percent-fullwidth non-hundred-percent-height-scrolling lazyload\" style=\"--awb-border-radius-top-left:0px;--awb-border-radius-top-right:0px;--awb-border-radius-bottom-right:0px;--awb-border-radius-bottom-left:0px;--awb-min-height:400px;--awb-background-size:cover;--awb-flex-wrap:wrap;\" data-bg=\"http:\/\/vlasinatravel.com\/wp-content\/uploads\/2023\/05\/vlasina-slider-300h.jpg\" ><div class=\"fusion-builder-row fusion-row fusion-flex-align-items-flex-start fusion-flex-content-wrap\" style=\"width:105% !important;max-width:105% !important;margin-left: calc(-5% \/ 2 );margin-right: calc(-5% \/ 2 );\"><div class=\"fusion-layout-column fusion_builder_column fusion-builder-column-0 fusion_builder_column_1_1 1_1 fusion-flex-column\" style=\"--awb-bg-size:cover;--awb-width-large:100%;--awb-margin-top-large:0px;--awb-spacing-right-large:2.375%;--awb-margin-bottom-large:0px;--awb-spacing-left-large:2.375%;--awb-width-medium:100%;--awb-order-medium:0;--awb-spacing-right-medium:2.375%;--awb-spacing-left-medium:2.375%;--awb-width-small:100%;--awb-order-small:0;--awb-spacing-right-small:2.375%;--awb-spacing-left-small:2.375%;\"><div class=\"fusion-column-wrapper fusion-column-has-shadow fusion-flex-justify-content-flex-start fusion-content-layout-column\"><\/div><\/div><\/div><\/div><div class=\"fusion-fullwidth fullwidth-box fusion-builder-row-2 fusion-flex-container has-pattern-background has-mask-background nonhundred-percent-fullwidth non-hundred-percent-height-scrolling\" style=\"--awb-border-radius-top-left:0px;--awb-border-radius-top-right:0px;--awb-border-radius-bottom-right:0px;--awb-border-radius-bottom-left:0px;--awb-background-color:rgba(255,255,255,0);--awb-flex-wrap:wrap;\" ><div class=\"fusion-builder-row fusion-row fusion-flex-align-items-flex-start fusion-flex-content-wrap\" style=\"max-width:1302px;margin-left: calc(-5% \/ 2 );margin-right: calc(-5% \/ 2 );\"><div class=\"fusion-layout-column fusion_builder_column fusion-builder-column-1 fusion_builder_column_1_1 1_1 fusion-flex-column\" style=\"--awb-bg-size:cover;--awb-width-large:100%;--awb-margin-top-large:0px;--awb-spacing-right-large:2.375%;--awb-margin-bottom-large:0px;--awb-spacing-left-large:2.375%;--awb-width-medium:100%;--awb-order-medium:0;--awb-spacing-right-medium:2.375%;--awb-spacing-left-medium:2.375%;--awb-width-small:100%;--awb-order-small:0;--awb-spacing-right-small:2.375%;--awb-spacing-left-small:2.375%;\"><div class=\"fusion-column-wrapper fusion-column-has-shadow fusion-flex-justify-content-flex-start fusion-content-layout-column\"><div class=\"fusion-title title fusion-title-1 fusion-sep-none fusion-title-center fusion-title-text fusion-title-size-two\"><h2 class=\"fusion-title-heading title-heading-center\" style=\"margin:0;\">Osnovano 2006.<\/h2><\/div><\/div><\/div><\/div><\/div><div class=\"fusion-fullwidth fullwidth-box fusion-builder-row-3 fusion-flex-container has-pattern-background has-mask-background nonhundred-percent-fullwidth non-hundred-percent-height-scrolling\" style=\"--awb-border-radius-top-left:0px;--awb-border-radius-top-right:0px;--awb-border-radius-bottom-right:0px;--awb-border-radius-bottom-left:0px;--awb-flex-wrap:wrap;\" ><div class=\"fusion-builder-row fusion-row fusion-flex-align-items-flex-start fusion-flex-content-wrap\" style=\"max-width:1302px;margin-left: calc(-5% \/ 2 );margin-right: calc(-5% \/ 2 );\"><div class=\"fusion-layout-column fusion_builder_column fusion-builder-column-2 fusion_builder_column_1_1 1_1 fusion-flex-column\" style=\"--awb-bg-size:cover;--awb-width-large:100%;--awb-margin-top-large:0px;--awb-spacing-right-large:2.375%;--awb-margin-bottom-large:0px;--awb-spacing-left-large:2.375%;--awb-width-medium:100%;--awb-order-medium:0;--awb-spacing-right-medium:2.375%;--awb-spacing-left-medium:2.375%;--awb-width-small:100%;--awb-order-small:0;--awb-spacing-right-small:2.375%;--awb-spacing-left-small:2.375%;\"><div class=\"fusion-column-wrapper fusion-column-has-shadow fusion-flex-justify-content-flex-start fusion-content-layout-column\"><div class=\"fusion-text fusion-text-1\"><p>Vlasina Travel je jedna od vode\u0107ih kompanija koje pru\u017eaju usluge putovanja za sve destinacije \u0161irom sveta. Osnovana 2006. godine u \u010cikagu, Vlasina Travel prerasla je od male turisti\u010dke agencije u jednu od vode\u0107ih agencija koja u ponudi ima letove za sve dr\u017eave Evrope, Azije, Afrike i Ju\u017ene Amerike.\u00a0<em><strong>Na\u0161im klijentima mo\u017eemo ponuditi avionske karte po sni\u017eenim cenama, kompletne turisti\u010dke aran\u017emane, telekomunikacione usluge i putno osiguranje.<\/strong><\/em><\/p>\n<hr \/>\n<p>Na\u0161a kupovna mo\u0107, garantuje Vam najbolje cene kod avio-kompanija kao \u0161to su United, Lufthansa, Austrian, American Airline, British Airways, Scandinavian, Adria Airways, JAT Airways, Croatia Airlines, Swiss, Turkish Airlines, Delta, Air France, KLM, Air India, Etihad\u00a0i mnoge druge. Vi\u0161e informacija o avio-kompanijama pro\u010ditajte na slede\u0107em\u00a0<a href=\"http:\/\/vlasinatravel.com\/Vlasina?page_id=3080&amp;lang=sr\">linku<\/a>. Tako\u0111e nudimo na\u0161im klijentima komletne turisti\u010dke aran\u017emane za evropske zemlje, Meksiko, Havaje, Karibe i mnoge druge destinacije.<\/p>\n<hr \/>\n<p>Od 1998. godine u ponudi imamo i popuste na long distance phone rates, kako za doma\u0107e, tako i za inostrane pozive, koje mo\u017eete koristiti bilo gde u SAD, kako sa fiksnih, tako i sa mobilnih telefona. Za vi\u0161e informacija i cene posetite sajt na\u0161e sestre-kompanije www.jstglobal.com<\/p>\n<\/div><\/div><\/div><\/div><\/div><\/p>\n","protected":false},"excerpt":{"rendered":"","protected":false},"author":1,"featured_media":0,"parent":0,"menu_order":0,"comment_status":"closed","ping_status":"closed","template":"100-width.php","meta":{"footnotes":""},"class_list":["post-2269","page","type-page","status-publish","hentry"],"_links":{"self":[{"href":"https:\/\/www.vlasinatravel.com\/sr\/wp-json\/wp\/v2\/pages\/2269","targetHints":{"allow":["GET"]}}],"collection":[{"href":"https:\/\/www.vlasinatravel.com\/sr\/wp-json\/wp\/v2\/pages"}],"about":[{"href":"https:\/\/www.vlasinatravel.com\/sr\/wp-json\/wp\/v2\/types\/page"}],"author":[{"embeddable":true,"href":"https:\/\/www.vlasinatravel.com\/sr\/wp-json\/wp\/v2\/users\/1"}],"replies":[{"embeddable":true,"href":"https:\/\/www.vlasinatravel.com\/sr\/wp-json\/wp\/v2\/comments?post=2269"}],"version-history":[{"count":1,"href":"https:\/\/www.vlasinatravel.com\/sr\/wp-json\/wp\/v2\/pages\/2269\/revisions"}],"predecessor-version":[{"id":2380,"href":"https:\/\/www.vlasinatravel.com\/sr\/wp-json\/wp\/v2\/pages\/2269\/revisions\/2380"}],"wp:attachment":[{"href":"https:\/\/www.vlasinatravel.com\/sr\/wp-json\/wp\/v2\/media?parent=2269"}],"curies":[{"name":"wp","href":"https:\/\/api.w.org\/{rel}","templated":true}]}}